{"id":55,"date":"2025-12-28T12:09:09","date_gmt":"2025-12-28T12:09:09","guid":{"rendered":"https:\/\/fcesalon2026.fr\/?page_id=55"},"modified":"2026-02-10T14:58:41","modified_gmt":"2026-02-10T14:58:41","slug":"venir-a-salon-de-provence","status":"publish","type":"page","link":"https:\/\/fcesalon2026.fr\/index.php\/les-propulseuses-de-leconomie-30-avril-2026-salon-de-provence\/venir-a-salon-de-provence\/","title":{"rendered":"En Pratique"},"content":{"rendered":"\n<!-- Section H\u00f4tels Partenaires FCE France -->\n<section style=\"background-color: #F5F3ED; padding: 10px 10px; font-family: 'Lato', Arial, sans-serif;\">\n  <div style=\"max-width: 1200px; margin: 0 auto;\">\n        <!-- Titre -->\n    <div style=\"text-align: center; margin-bottom: 40px;\">\n      <h2 style=\"font-family: 'Playfair Display', Georgia, serif; font-size: 2.5rem; color: #722F37; margin-bottom: 16px;\">\n        Nos H\u00f4tels Partenaires\n      <\/h2>\n      <div style=\"width: 80px; height: 4px; background-color: #C5A044; margin: 0 auto 24px; border-radius: 2px;\"><\/div>\n      <div style=\"display: inline-block; background-color: rgba(197, 160, 68, 0.1); border: 1px solid rgba(197, 160, 68, 0.3); border-radius: 8px; padding: 20px 30px;\">\n        <p style=\"font-size: 1.2rem; margin: 0 0 10px 0; color: #3D1A1F;\">\n          <span style=\"font-weight: 600; color: #C5A044;\">10 \u00e0 15% de r\u00e9duction<\/span>\n          <span style=\"color: #666;\"> en fonction de la dur\u00e9e du s\u00e9jour<\/span>\n        <\/p>\n        <p style=\"margin: 0; color: #722F37; font-weight: 500;\">\n          Code promo : <span style=\"background-color: #722F37; color: #F5F3ED; padding: 6px 14px; border-radius: 4px; font-weight: 700; letter-spacing: 1px;\">FCE2026<\/span>\n        <\/p>\n      <\/div>\n    <\/div>\n\n    <!-- Grille des h\u00f4tels -->\n    <div style=\"display: grid; grid-template-columns: repeat(auto-fit, minmax(300px, 1fr)); gap: 30px;\">\n      \n      <!-- H\u00f4tel 1 : La R\u00e9serve -->\n      <article style=\"background: #FDFCFA; border-radius: 8px; overflow: hidden; box-shadow: 0 4px 15px rgba(0,0,0,0.1); border: 1px solid #E5DDD0;\">\n        <img decoding=\"async\" src=\"https:\/\/fcesalon2026.fr\/wp-content\/uploads\/2026\/01\/la-reserve-2.jpeg\" alt=\"La R\u00e9serve\" style=\"width: 100%; height: 200px; object-fit: cover;\">\n        <div style=\"padding: 24px;\">\n          <h3 style=\"font-family: 'Playfair Display', Georgia, serif; font-size: 1.3rem; color: #722F37; margin: 0 0 16px 0; letter-spacing: 1px;\">LA R\u00c9SERVE<\/h3>\n          <p style=\"display: flex; align-items: flex-start; gap: 10px; margin: 0 0 12px 0; font-size: 0.9rem; color: #666;\">\n            <span style=\"color: #C5A044;\">\ud83d\udccd<\/span>\n            33 place de l&rsquo;h\u00f4tel de ville, 13300 Salon de Provence\n          <\/p>\n          <p style=\"display: flex; align-items: flex-start; gap: 10px; margin: 0 0 12px 0; font-size: 0.9rem; color: #666;\">\n            <span style=\"color: #C5A044;\">\ud83d\udcde<\/span>\n            <span>Mr Kimy CARALY<br><a href=\"tel:0646460056\" style=\"color: #722F37; font-weight: 500;\">06.46.46.00.56<\/a><\/span>\n          <\/p>\n          <p style=\"display: flex; align-items: center; gap: 10px; margin: 0; font-size: 0.9rem;\">\n            <span style=\"color: #C5A044;\">\ud83c\udf10<\/span>\n            <a href=\"https:\/\/www.lareservedesalondeprovence.com\/\" target=\"_blank\" style=\"color: #722F37; text-decoration: underline;\">Voir le site<\/a>\n          <\/p>\n        <\/div>\n      <\/article>\n\n      <!-- H\u00f4tel 2 : La Maison Clemenceau -->\n      <article style=\"background: #FDFCFA; border-radius: 8px; overflow: hidden; box-shadow: 0 4px 15px rgba(0,0,0,0.1); border: 1px solid #E5DDD0;\">\n        <img decoding=\"async\" src=\"https:\/\/fcesalon2026.fr\/wp-content\/uploads\/2026\/01\/maison-clemenceau.jpg\" alt=\"La Maison Clemenceau\" style=\"width: 100%; height: 200px; object-fit: cover;\">\n        <div style=\"padding: 24px;\">\n          <h3 style=\"font-family: 'Playfair Display', Georgia, serif; font-size: 1.3rem; color: #722F37; margin: 0 0 16px 0; letter-spacing: 1px;\">LA MAISON CLEMENCEAU<\/h3>\n          <p style=\"display: flex; align-items: flex-start; gap: 10px; margin: 0 0 12px 0; font-size: 0.9rem; color: #666;\">\n            <span style=\"color: #C5A044;\">\ud83d\udccd<\/span>\n            72 bvd Georges Cl\u00e9menceau, 13300 Salon de Provence\n          <\/p>\n          <p style=\"display: flex; align-items: flex-start; gap: 10px; margin: 0 0 12px 0; font-size: 0.9rem; color: #666;\">\n            <span style=\"color: #C5A044;\">\ud83d\udcde<\/span>\n            <span>Mr Pierre PAGES<br><a href=\"tel:0622518906\" style=\"color: #722F37; font-weight: 500;\">06.22.51.89.06<\/a><\/span>\n          <\/p>\n          <p style=\"display: flex; align-items: center; gap: 10px; margin: 0; font-size: 0.9rem;\">\n            <span style=\"color: #C5A044;\">\ud83c\udf10<\/span>\n            <a href=\"https:\/\/la-maison-clemenceau.fr\/\" target=\"_blank\" style=\"color: #722F37; text-decoration: underline;\">Voir le site<\/a>\n          <\/p>\n        <\/div>\n      <\/article>\n      <!-- H\u00f4tel 3 : La Maison des Lamanon -->\n      <article style=\"background: #FDFCFA; border-radius: 8px; overflow: hidden; box-shadow: 0 4px 15px rgba(0,0,0,0.1); border: 1px solid #E5DDD0;\">\n        <img decoding=\"async\" src=\"https:\/\/fcesalon2026.fr\/wp-content\/uploads\/2026\/01\/la-maison-de-lamanon.jpg\" alt=\"La Maison des Lamanon\" style=\"width: 100%; height: 200px; object-fit: cover;\">\n        <div style=\"padding: 24px;\">\n          <h3 style=\"font-family: 'Playfair Display', Georgia, serif; font-size: 1.3rem; color: #722F37; margin: 0 0 16px 0; letter-spacing: 1px;\">LA MAISON DES LAMANON<\/h3>\n          <p style=\"display: flex; align-items: flex-start; gap: 10px; margin: 0 0 12px 0; font-size: 0.9rem; color: #666;\">\n            <span style=\"color: #C5A044;\">\ud83d\udccd<\/span>\n            35 rue Moulin d&rsquo;Isnard, 13300 Salon de Provence\n          <\/p>\n          <p style=\"display: flex; align-items: flex-start; gap: 10px; margin: 0 0 12px 0; font-size: 0.9rem; color: #666;\">\n            <span style=\"color: #C5A044;\">\ud83d\udcde<\/span>\n            <span>Mr \u00c9ric PACE<br><a href=\"tel:0689775838\" style=\"color: #722F37; font-weight: 500;\">06.89.77.58.38<\/a><\/span>\n          <\/p>\n          <p style=\"display: flex; align-items: center; gap: 10px; margin: 0; font-size: 0.9rem;\">\n            <span style=\"color: #C5A044;\">\ud83c\udf10<\/span>\n            <a href=\"https:\/\/lamaisondeslamanon.fr\/\" target=\"_blank\" style=\"color: #722F37; text-decoration: underline;\">Voir le site<\/a>\n          <\/p>\n        <\/div>\n      <\/article>\n\n  <\/div>\n<\/section>\n  <!-- Titre -->\n    <div style=\"text-align: center; margin-bottom: 40px;\">\n      <h2 style=\"font-family: 'Playfair Display', Georgia, serif; font-size: 2.5rem; color: #722F37; margin-bottom: 16px;\">\n        Venir \u00e0 Salon de Provence\n      <\/h2>\n      <div style=\"width: 80px; height: 4px; background-color: #C5A044; margin: 0 auto 24px; border-radius: 2px;\"><\/div>\n   <!-- Moyen 1 -->\n      <article style=\"background: #FDFCFA; border-radius: 8px; overflow: hidden; box-shadow: 0 4px 15px rgba(0,0,0,0.1); border: 1px solid #E5DDD0;\">\n        <img decoding=\"async\" src=\"https:\/\/fcesalon2026.fr\/wp-content\/uploads\/2025\/12\/telechargement-3.jpg\" alt=\"Le Train\" style=\"width: 100%; height: 200px; object-fit: cover;\">\n        <div style=\"padding: 24px;\">\n          <h3 style=\"font-family: 'Playfair Display', Georgia, serif; font-size: 1.3rem; color: #722F37; margin: 0 0 16px 0; letter-spacing: 1px;\">LE TRAIN<\/h3>\n          <p style=\"display: flex; align-items: flex-start; gap: 10px; margin: 0 0 12px 0; font-size: 0.9rem; color: #666;\">\n            <span style=\"color: #C5A044;\">\ud83d\udccd<\/span>\n            TGV Paris- Miramas puis TER Miramas-Salon de Provence\n          <\/p>\n  <p style=\"display: flex; align-items: flex-start; gap: 10px; margin: 0 0 12px 0; font-size: 0.9rem; color: #666;\">\n<span style=\"color: #C5A044;\">\ud83d\udccd<\/span>\n            TGV Paris- Avignon puis TER Avignon-Salon de Provence\n          <\/p>\n  <p style=\"display: flex; align-items: flex-start; gap: 10px; margin: 0 0 12px 0; font-size: 0.9rem; color: #666;\">\n<span style=\"color: #C5A044;\">\ud83d\udccd<\/span>\n            TGV Nice-Marseille puis TER Marseille-Salon de Provence\n          <\/p>\n  <p style=\"display: flex; align-items: flex-start; gap: 10px; margin: 0 0 12px 0; font-size: 0.9rem; color: #666;\">\n<span style=\"color: #C5A044;\">\ud83d\udccd<\/span>\n         Train Intercit\u00e9s Toulouse-Miramas puis TER Miramas-Salon de Provence\n          <\/p>\n                  <p style=\"display: flex; align-items: center; gap: 10px; margin: 0; font-size: 0.9rem;\">\n            <span style=\"color: #C5A044;\">\ud83c\udf10<\/span>\n            <a href=\"https:\/\/www.sncf-connect.com\/\" target=\"_blank\" style=\"color: #722F37; text-decoration: underline;\">sncf-connect<\/a>\n          <\/p>\n        <\/div>\n      <\/article>\n  <\/p>\n <!-- Moyen 2 -->\n      <article style=\"background: #FDFCFA; border-radius: 8px; overflow: hidden; box-shadow: 0 4px 15px rgba(0,0,0,0.1); border: 1px solid #E5DDD0;\">\n        <img decoding=\"async\" src=\"https:\/\/fcesalon2026.fr\/wp-content\/uploads\/2025\/12\/initial-peage-lancon-provence-1024x576.jpg\" alt=\"La route\" style=\"width: 100%; height: 200px; object-fit: cover;\">\n        <div style=\"padding: 24px;\">\n          <h3 style=\"font-family: 'Playfair Display', Georgia, serif; font-size: 1.3rem; color: #722F37; margin: 0 0 16px 0; letter-spacing: 1px;\">LA ROUTE<\/h3>\n          <p style=\"display: flex; align-items: flex-start; gap: 10px; margin: 0 0 12px 0; font-size: 0.9rem; color: #666;\">\n            <span style=\"color: #C5A044;\">\ud83d\udccd<\/span>\n           Parking relais de la gare (gratuit) : bd Danton 13300 Salon de Provence\n          <\/p>\n      <p style=\"display: flex; align-items: flex-start; gap: 10px; margin: 0 0 12px 0; font-size: 0.9rem; color: #666;\">\n <span style=\"color: #C5A044;\">\ud83d\udccd<\/span>\n            Parking Interparking Place Morgan : 66 all\u00e9e de la libert\u00e9 13300 Salon de Provence\n          <\/p>\n      <p style=\"display: flex; align-items: flex-start; gap: 10px; margin: 0 0 12px 0; font-size: 0.9rem; color: #666;\">\n <span style=\"color: #C5A044;\">\ud83d\udccd<\/span>\n            Parking public Place Morgan Cineplanet : place Morgan 13300 Salon de Provence\n          <\/p>\n          <\/div>\n      <\/article>\n  <\/p>\n<!-- Moyen 3 -->\n      <article style=\"background: #FDFCFA; border-radius: 8px; overflow: hidden; box-shadow: 0 4px 15px rgba(0,0,0,0.1); border: 1px solid #E5DDD0;\">\n        <img decoding=\"async\" src=\"https:\/\/fcesalon2026.fr\/wp-content\/uploads\/2025\/12\/air-journal-airbus-a320-livree-blanche-neutre-source-Avia-Solutions-600x310-1.jpg\" alt=\"L'avion\" style=\"width: 100%; height: 200px; object-fit: cover;\">\n        <div style=\"padding: 24px;\">\n          <h3 style=\"font-family: 'Playfair Display', Georgia, serif; font-size: 1.3rem; color: #722F37; margin: 0 0 16px 0; letter-spacing: 1px;\">L&rsquo;AVION<\/h3>\n          <p style=\"display: flex; align-items: flex-start; gap: 10px; margin: 0 0 12px 0; font-size: 0.9rem; color: #666;\">\n            <span style=\"color: #C5A044;\">\ud83d\udccd<\/span>\n            A partir de l&rsquo;a\u00e9roport de Marseille- Marignane, prendre la navette de bus jusqu&rsquo;\u00e0 Salon de Provence.   \n<p style=\"display: flex; align-items: center; gap: 10px; margin: 0; font-size: 0.9rem;\">\n            <span style=\"color: #C5A044;\">\ud83c\udf10<\/span>\n            <a href=\"https:\/\/www.marseille.aeroport.fr\/parkings-et-acces\/acces\/bus\/salon-de-provence\" style=\"color: #722F37; text-decoration: underline;\">prendre la navette<\/a>\n          <\/p>\n          <\/div>\n      <\/article>\n  <\/p>\n<!-- \/wp:post-content -->","protected":false},"excerpt":{"rendered":"<p>Nos H\u00f4tels Partenaires 10 \u00e0 15% de r\u00e9duction en fonction de la dur\u00e9e du s\u00e9jour Code promo : FCE2026 LA R\u00c9SERVE \ud83d\udccd 33 place de l&rsquo;h\u00f4tel de ville, 13300 Salon de Provence \ud83d\udcde Mr Kimy CARALY06.46.46.00.56 \ud83c\udf10 Voir le site LA MAISON CLEMENCEAU \ud83d\udccd 72 bvd Georges Cl\u00e9menceau, 13300 Salon de Provence \ud83d\udcde Mr Pierre [&hellip;]<\/p>\n","protected":false},"author":1,"featured_media":0,"parent":10,"menu_order":0,"comment_status":"closed","ping_status":"closed","template":"","meta":{"footnotes":""},"class_list":["post-55","page","type-page","status-publish","hentry"],"yoast_head":"<!-- This site is optimized with the Yoast SEO plugin v27.0 - https:\/\/yoast.com\/product\/yoast-seo-wordpress\/ -->\n<title>En Pratique - Inauguration FCE Pays Salonais<\/title>\n<meta name=\"robots\" content=\"index, follow, max-snippet:-1, max-image-preview:large, max-video-preview:-1\" \/>\n<link rel=\"canonical\" href=\"https:\/\/fcesalon2026.fr\/index.php\/les-propulseuses-de-leconomie-30-avril-2026-salon-de-provence\/venir-a-salon-de-provence\/\" \/>\n<meta property=\"og:locale\" content=\"fr_FR\" \/>\n<meta property=\"og:type\" content=\"article\" \/>\n<meta property=\"og:title\" content=\"En Pratique - Inauguration FCE Pays Salonais\" \/>\n<meta property=\"og:description\" content=\"Nos H\u00f4tels Partenaires 10 \u00e0 15% de r\u00e9duction en fonction de la dur\u00e9e du s\u00e9jour Code promo : FCE2026 LA R\u00c9SERVE \ud83d\udccd 33 place de l&rsquo;h\u00f4tel de ville, 13300 Salon de Provence \ud83d\udcde Mr Kimy CARALY06.46.46.00.56 \ud83c\udf10 Voir le site LA MAISON CLEMENCEAU \ud83d\udccd 72 bvd Georges Cl\u00e9menceau, 13300 Salon de Provence \ud83d\udcde Mr Pierre [&hellip;]\" \/>\n<meta property=\"og:url\" content=\"https:\/\/fcesalon2026.fr\/index.php\/les-propulseuses-de-leconomie-30-avril-2026-salon-de-provence\/venir-a-salon-de-provence\/\" \/>\n<meta property=\"og:site_name\" content=\"Inauguration FCE Pays Salonais\" \/>\n<meta property=\"article:modified_time\" content=\"2026-02-10T14:58:41+00:00\" \/>\n<meta property=\"og:image\" content=\"http:\/\/fcesalon2026.fr\/wp-content\/uploads\/2026\/01\/la-reserve-2.jpeg\" \/>\n<meta name=\"twitter:card\" content=\"summary_large_image\" \/>\n<meta name=\"twitter:label1\" content=\"Dur\u00e9e de lecture estim\u00e9e\" \/>\n\t<meta name=\"twitter:data1\" content=\"3 minutes\" \/>\n<script type=\"application\/ld+json\" class=\"yoast-schema-graph\">{\"@context\":\"https:\/\/schema.org\",\"@graph\":[{\"@type\":\"WebPage\",\"@id\":\"https:\/\/fcesalon2026.fr\/index.php\/les-propulseuses-de-leconomie-30-avril-2026-salon-de-provence\/venir-a-salon-de-provence\/\",\"url\":\"https:\/\/fcesalon2026.fr\/index.php\/les-propulseuses-de-leconomie-30-avril-2026-salon-de-provence\/venir-a-salon-de-provence\/\",\"name\":\"En Pratique - Inauguration FCE Pays Salonais\",\"isPartOf\":{\"@id\":\"https:\/\/fcesalon2026.fr\/#website\"},\"primaryImageOfPage\":{\"@id\":\"https:\/\/fcesalon2026.fr\/index.php\/les-propulseuses-de-leconomie-30-avril-2026-salon-de-provence\/venir-a-salon-de-provence\/#primaryimage\"},\"image\":{\"@id\":\"https:\/\/fcesalon2026.fr\/index.php\/les-propulseuses-de-leconomie-30-avril-2026-salon-de-provence\/venir-a-salon-de-provence\/#primaryimage\"},\"thumbnailUrl\":\"http:\/\/fcesalon2026.fr\/wp-content\/uploads\/2026\/01\/la-reserve-2.jpeg\",\"datePublished\":\"2025-12-28T12:09:09+00:00\",\"dateModified\":\"2026-02-10T14:58:41+00:00\",\"breadcrumb\":{\"@id\":\"https:\/\/fcesalon2026.fr\/index.php\/les-propulseuses-de-leconomie-30-avril-2026-salon-de-provence\/venir-a-salon-de-provence\/#breadcrumb\"},\"inLanguage\":\"fr-FR\",\"potentialAction\":[{\"@type\":\"ReadAction\",\"target\":[\"https:\/\/fcesalon2026.fr\/index.php\/les-propulseuses-de-leconomie-30-avril-2026-salon-de-provence\/venir-a-salon-de-provence\/\"]}]},{\"@type\":\"ImageObject\",\"inLanguage\":\"fr-FR\",\"@id\":\"https:\/\/fcesalon2026.fr\/index.php\/les-propulseuses-de-leconomie-30-avril-2026-salon-de-provence\/venir-a-salon-de-provence\/#primaryimage\",\"url\":\"http:\/\/fcesalon2026.fr\/wp-content\/uploads\/2026\/01\/la-reserve-2.jpeg\",\"contentUrl\":\"http:\/\/fcesalon2026.fr\/wp-content\/uploads\/2026\/01\/la-reserve-2.jpeg\"},{\"@type\":\"BreadcrumbList\",\"@id\":\"https:\/\/fcesalon2026.fr\/index.php\/les-propulseuses-de-leconomie-30-avril-2026-salon-de-provence\/venir-a-salon-de-provence\/#breadcrumb\",\"itemListElement\":[{\"@type\":\"ListItem\",\"position\":1,\"name\":\"Home\",\"item\":\"https:\/\/fcesalon2026.fr\/\"},{\"@type\":\"ListItem\",\"position\":2,\"name\":\"INAUGURATION DE LA DELEGATION DU PAYS SALONAIS- 30 avril 2026 Salon de Provence\",\"item\":\"https:\/\/fcesalon2026.fr\/\"},{\"@type\":\"ListItem\",\"position\":3,\"name\":\"En Pratique\"}]},{\"@type\":\"WebSite\",\"@id\":\"https:\/\/fcesalon2026.fr\/#website\",\"url\":\"https:\/\/fcesalon2026.fr\/\",\"name\":\"Inauguration FCE Pays Salonais\",\"description\":\"\",\"publisher\":{\"@id\":\"https:\/\/fcesalon2026.fr\/#organization\"},\"potentialAction\":[{\"@type\":\"SearchAction\",\"target\":{\"@type\":\"EntryPoint\",\"urlTemplate\":\"https:\/\/fcesalon2026.fr\/?s={search_term_string}\"},\"query-input\":{\"@type\":\"PropertyValueSpecification\",\"valueRequired\":true,\"valueName\":\"search_term_string\"}}],\"inLanguage\":\"fr-FR\"},{\"@type\":\"Organization\",\"@id\":\"https:\/\/fcesalon2026.fr\/#organization\",\"name\":\"Inauguration FCE Pays Salonais\",\"url\":\"https:\/\/fcesalon2026.fr\/\",\"logo\":{\"@type\":\"ImageObject\",\"inLanguage\":\"fr-FR\",\"@id\":\"https:\/\/fcesalon2026.fr\/#\/schema\/logo\/image\/\",\"url\":\"https:\/\/fcesalon2026.fr\/wp-content\/uploads\/2025\/12\/logo-TP.jpg\",\"contentUrl\":\"https:\/\/fcesalon2026.fr\/wp-content\/uploads\/2025\/12\/logo-TP.jpg\",\"width\":150,\"height\":200,\"caption\":\"Inauguration FCE Pays Salonais\"},\"image\":{\"@id\":\"https:\/\/fcesalon2026.fr\/#\/schema\/logo\/image\/\"}}]}<\/script>\n<!-- \/ Yoast SEO plugin. -->","yoast_head_json":{"title":"En Pratique - Inauguration FCE Pays Salonais","robots":{"index":"index","follow":"follow","max-snippet":"max-snippet:-1","max-image-preview":"max-image-preview:large","max-video-preview":"max-video-preview:-1"},"canonical":"https:\/\/fcesalon2026.fr\/index.php\/les-propulseuses-de-leconomie-30-avril-2026-salon-de-provence\/venir-a-salon-de-provence\/","og_locale":"fr_FR","og_type":"article","og_title":"En Pratique - Inauguration FCE Pays Salonais","og_description":"Nos H\u00f4tels Partenaires 10 \u00e0 15% de r\u00e9duction en fonction de la dur\u00e9e du s\u00e9jour Code promo : FCE2026 LA R\u00c9SERVE \ud83d\udccd 33 place de l&rsquo;h\u00f4tel de ville, 13300 Salon de Provence \ud83d\udcde Mr Kimy CARALY06.46.46.00.56 \ud83c\udf10 Voir le site LA MAISON CLEMENCEAU \ud83d\udccd 72 bvd Georges Cl\u00e9menceau, 13300 Salon de Provence \ud83d\udcde Mr Pierre [&hellip;]","og_url":"https:\/\/fcesalon2026.fr\/index.php\/les-propulseuses-de-leconomie-30-avril-2026-salon-de-provence\/venir-a-salon-de-provence\/","og_site_name":"Inauguration FCE Pays Salonais","article_modified_time":"2026-02-10T14:58:41+00:00","og_image":[{"url":"http:\/\/fcesalon2026.fr\/wp-content\/uploads\/2026\/01\/la-reserve-2.jpeg","type":"","width":"","height":""}],"twitter_card":"summary_large_image","twitter_misc":{"Dur\u00e9e de lecture estim\u00e9e":"3 minutes"},"schema":{"@context":"https:\/\/schema.org","@graph":[{"@type":"WebPage","@id":"https:\/\/fcesalon2026.fr\/index.php\/les-propulseuses-de-leconomie-30-avril-2026-salon-de-provence\/venir-a-salon-de-provence\/","url":"https:\/\/fcesalon2026.fr\/index.php\/les-propulseuses-de-leconomie-30-avril-2026-salon-de-provence\/venir-a-salon-de-provence\/","name":"En Pratique - Inauguration FCE Pays Salonais","isPartOf":{"@id":"https:\/\/fcesalon2026.fr\/#website"},"primaryImageOfPage":{"@id":"https:\/\/fcesalon2026.fr\/index.php\/les-propulseuses-de-leconomie-30-avril-2026-salon-de-provence\/venir-a-salon-de-provence\/#primaryimage"},"image":{"@id":"https:\/\/fcesalon2026.fr\/index.php\/les-propulseuses-de-leconomie-30-avril-2026-salon-de-provence\/venir-a-salon-de-provence\/#primaryimage"},"thumbnailUrl":"http:\/\/fcesalon2026.fr\/wp-content\/uploads\/2026\/01\/la-reserve-2.jpeg","datePublished":"2025-12-28T12:09:09+00:00","dateModified":"2026-02-10T14:58:41+00:00","breadcrumb":{"@id":"https:\/\/fcesalon2026.fr\/index.php\/les-propulseuses-de-leconomie-30-avril-2026-salon-de-provence\/venir-a-salon-de-provence\/#breadcrumb"},"inLanguage":"fr-FR","potentialAction":[{"@type":"ReadAction","target":["https:\/\/fcesalon2026.fr\/index.php\/les-propulseuses-de-leconomie-30-avril-2026-salon-de-provence\/venir-a-salon-de-provence\/"]}]},{"@type":"ImageObject","inLanguage":"fr-FR","@id":"https:\/\/fcesalon2026.fr\/index.php\/les-propulseuses-de-leconomie-30-avril-2026-salon-de-provence\/venir-a-salon-de-provence\/#primaryimage","url":"http:\/\/fcesalon2026.fr\/wp-content\/uploads\/2026\/01\/la-reserve-2.jpeg","contentUrl":"http:\/\/fcesalon2026.fr\/wp-content\/uploads\/2026\/01\/la-reserve-2.jpeg"},{"@type":"BreadcrumbList","@id":"https:\/\/fcesalon2026.fr\/index.php\/les-propulseuses-de-leconomie-30-avril-2026-salon-de-provence\/venir-a-salon-de-provence\/#breadcrumb","itemListElement":[{"@type":"ListItem","position":1,"name":"Home","item":"https:\/\/fcesalon2026.fr\/"},{"@type":"ListItem","position":2,"name":"INAUGURATION DE LA DELEGATION DU PAYS SALONAIS- 30 avril 2026 Salon de Provence","item":"https:\/\/fcesalon2026.fr\/"},{"@type":"ListItem","position":3,"name":"En Pratique"}]},{"@type":"WebSite","@id":"https:\/\/fcesalon2026.fr\/#website","url":"https:\/\/fcesalon2026.fr\/","name":"Inauguration FCE Pays Salonais","description":"","publisher":{"@id":"https:\/\/fcesalon2026.fr\/#organization"},"potentialAction":[{"@type":"SearchAction","target":{"@type":"EntryPoint","urlTemplate":"https:\/\/fcesalon2026.fr\/?s={search_term_string}"},"query-input":{"@type":"PropertyValueSpecification","valueRequired":true,"valueName":"search_term_string"}}],"inLanguage":"fr-FR"},{"@type":"Organization","@id":"https:\/\/fcesalon2026.fr\/#organization","name":"Inauguration FCE Pays Salonais","url":"https:\/\/fcesalon2026.fr\/","logo":{"@type":"ImageObject","inLanguage":"fr-FR","@id":"https:\/\/fcesalon2026.fr\/#\/schema\/logo\/image\/","url":"https:\/\/fcesalon2026.fr\/wp-content\/uploads\/2025\/12\/logo-TP.jpg","contentUrl":"https:\/\/fcesalon2026.fr\/wp-content\/uploads\/2025\/12\/logo-TP.jpg","width":150,"height":200,"caption":"Inauguration FCE Pays Salonais"},"image":{"@id":"https:\/\/fcesalon2026.fr\/#\/schema\/logo\/image\/"}}]}},"_links":{"self":[{"href":"https:\/\/fcesalon2026.fr\/index.php\/wp-json\/wp\/v2\/pages\/55","targetHints":{"allow":["GET"]}}],"collection":[{"href":"https:\/\/fcesalon2026.fr\/index.php\/wp-json\/wp\/v2\/pages"}],"about":[{"href":"https:\/\/fcesalon2026.fr\/index.php\/wp-json\/wp\/v2\/types\/page"}],"author":[{"embeddable":true,"href":"https:\/\/fcesalon2026.fr\/index.php\/wp-json\/wp\/v2\/users\/1"}],"replies":[{"embeddable":true,"href":"https:\/\/fcesalon2026.fr\/index.php\/wp-json\/wp\/v2\/comments?post=55"}],"version-history":[{"count":13,"href":"https:\/\/fcesalon2026.fr\/index.php\/wp-json\/wp\/v2\/pages\/55\/revisions"}],"predecessor-version":[{"id":313,"href":"https:\/\/fcesalon2026.fr\/index.php\/wp-json\/wp\/v2\/pages\/55\/revisions\/313"}],"up":[{"embeddable":true,"href":"https:\/\/fcesalon2026.fr\/index.php\/wp-json\/wp\/v2\/pages\/10"}],"wp:attachment":[{"href":"https:\/\/fcesalon2026.fr\/index.php\/wp-json\/wp\/v2\/media?parent=55"}],"curies":[{"name":"wp","href":"https:\/\/api.w.org\/{rel}","templated":true}]}}