{"id":101,"date":"2025-12-29T14:34:31","date_gmt":"2025-12-29T14:34:31","guid":{"rendered":"https:\/\/fcesalon2026.fr\/?page_id=101"},"modified":"2025-12-29T15:53:52","modified_gmt":"2025-12-29T15:53:52","slug":"les-trophees-les-propulseuses-de-leconomie","status":"publish","type":"page","link":"https:\/\/fcesalon2026.fr\/index.php\/les-propulseuses-de-leconomie-30-avril-2026-salon-de-provence\/les-trophees-les-propulseuses-de-leconomie\/","title":{"rendered":"Les Troph\u00e9es \u00ab\u00a0Les propulseuses de l&rsquo;\u00e9conomie\u00a0\u00bb"},"content":{"rendered":"\n<figure class=\"wp-block-image aligncenter size-thumbnail\"><img loading=\"lazy\" decoding=\"async\" width=\"150\" height=\"150\" src=\"https:\/\/fcesalon2026.fr\/wp-content\/uploads\/2025\/12\/Affiche-FCE-5-2-002-150x150.png\" alt=\"\" class=\"wp-image-102\"\/><\/figure>\n\n\n\n<p class=\"has-text-align-center\">Les troph\u00e9es des dirigeantes du Pays Salonais<\/p>\n\n\n\n<figure class=\"wp-block-image size-large\"><img loading=\"lazy\" decoding=\"async\" width=\"1024\" height=\"683\" src=\"https:\/\/fcesalon2026.fr\/wp-content\/uploads\/2025\/12\/ChatGPT-Image-29-dec.-2025-15_04_58-1-1024x683.png\" alt=\"\" class=\"wp-image-145\" srcset=\"https:\/\/fcesalon2026.fr\/wp-content\/uploads\/2025\/12\/ChatGPT-Image-29-dec.-2025-15_04_58-1-1024x683.png 1024w, https:\/\/fcesalon2026.fr\/wp-content\/uploads\/2025\/12\/ChatGPT-Image-29-dec.-2025-15_04_58-1-300x200.png 300w, https:\/\/fcesalon2026.fr\/wp-content\/uploads\/2025\/12\/ChatGPT-Image-29-dec.-2025-15_04_58-1-768x512.png 768w, https:\/\/fcesalon2026.fr\/wp-content\/uploads\/2025\/12\/ChatGPT-Image-29-dec.-2025-15_04_58-1.png 1536w\" sizes=\"auto, (max-width: 1024px) 100vw, 1024px\" \/><\/figure>\n\n\n\n<div class=\"wp-block-columns is-layout-flex wp-container-core-columns-is-layout-28f84493 wp-block-columns-is-layout-flex\">\n<div class=\"wp-block-column is-layout-flow wp-block-column-is-layout-flow\" style=\"flex-basis:100%\">\n<details class=\"wp-block-details is-layout-flow wp-block-details-is-layout-flow\"><summary>Les Propulseuses sont des femmes qui dirigent ou ont fond\u00e9 une entreprise implant\u00e9e sur le Pays Salonais. Elles contribuent \u00e0 l\u2019activit\u00e9 \u00e9conomique, \u00e0 l\u2019emploi ou au dynamisme territorial, elles incarnent une vision, un mouvement, une capacit\u00e9 \u00e0 entra\u00eener et sont une source d\u2019inspiration pour d\u2019autres femmes<\/summary>\n<p><\/p>\n<\/details>\n<\/div>\n<\/div>\n\n\n\n<div class=\"wp-block-columns is-layout-flex wp-container-core-columns-is-layout-28f84493 wp-block-columns-is-layout-flex\">\n<div class=\"wp-block-column is-layout-flow wp-block-column-is-layout-flow\">\n<p class=\"has-text-align-center\">Les troph\u00e9es seront remis par nos partenaires aux quatre Laur\u00e9ates<\/p>\n\n\n\n<figure class=\"wp-block-image aligncenter size-full\"><img loading=\"lazy\" decoding=\"async\" width=\"225\" height=\"213\" src=\"https:\/\/fcesalon2026.fr\/wp-content\/uploads\/2025\/12\/visuel-2-petit-1.png\" alt=\"\" class=\"wp-image-148\"\/><\/figure>\n<\/div>\n\n\n\n<div class=\"wp-block-column is-layout-flow wp-block-column-is-layout-flow\">\n<div class=\"wp-block-cover has-custom-content-position is-position-top-center has-text-color has-link-color wp-elements-09d0219643c5a16b94681acf76b584a4\" style=\"color:#c49c21\"><img loading=\"lazy\" decoding=\"async\" width=\"683\" height=\"1024\" class=\"wp-block-cover__image-background wp-image-106\" alt=\"\" src=\"https:\/\/fcesalon2026.fr\/wp-content\/uploads\/2025\/12\/ChatGPT-Image-29-dec.-2025-11_40_30-683x1024.png\" style=\"object-position:49% 6%\" data-object-fit=\"cover\" data-object-position=\"49% 6%\" srcset=\"https:\/\/fcesalon2026.fr\/wp-content\/uploads\/2025\/12\/ChatGPT-Image-29-dec.-2025-11_40_30-683x1024.png 683w, https:\/\/fcesalon2026.fr\/wp-content\/uploads\/2025\/12\/ChatGPT-Image-29-dec.-2025-11_40_30-200x300.png 200w, https:\/\/fcesalon2026.fr\/wp-content\/uploads\/2025\/12\/ChatGPT-Image-29-dec.-2025-11_40_30-768x1152.png 768w, https:\/\/fcesalon2026.fr\/wp-content\/uploads\/2025\/12\/ChatGPT-Image-29-dec.-2025-11_40_30.png 1024w\" sizes=\"auto, (max-width: 683px) 100vw, 683px\" \/><span aria-hidden=\"true\" class=\"wp-block-cover__background has-background-dim\"><\/span><div class=\"wp-block-cover__inner-container is-layout-flow wp-block-cover-is-layout-flow\">\n<p class=\"has-text-align-center has-large-font-size\"><a href=\"https:\/\/fcesalon2026.fr\/index.php\/les-propulseuses-de-leconomie-30-avril-2026-salon-de-provence\/les-partenaires\/\" data-type=\"page\" data-id=\"28\">Devenez Partenaires<\/a><\/p>\n<\/div><\/div>\n<\/div>\n<\/div>\n\n\n\n<p><\/p>\n","protected":false},"excerpt":{"rendered":"<p>Les troph\u00e9es des dirigeantes du Pays Salonais Les troph\u00e9es seront remis par nos partenaires aux quatre Laur\u00e9ates<\/p>\n","protected":false},"author":1,"featured_media":0,"parent":10,"menu_order":0,"comment_status":"closed","ping_status":"closed","template":"","meta":{"footnotes":""},"class_list":["post-101","page","type-page","status-publish","hentry"],"yoast_head":"<!-- This site is optimized with the Yoast SEO plugin v27.0 - https:\/\/yoast.com\/product\/yoast-seo-wordpress\/ -->\n<title>Les Troph\u00e9es &quot;Les propulseuses de l&#039;\u00e9conomie&quot; - Inauguration FCE Pays Salonais<\/title>\n<meta name=\"robots\" content=\"index, follow, max-snippet:-1, max-image-preview:large, max-video-preview:-1\" \/>\n<link rel=\"canonical\" href=\"https:\/\/fcesalon2026.fr\/index.php\/les-propulseuses-de-leconomie-30-avril-2026-salon-de-provence\/les-trophees-les-propulseuses-de-leconomie\/\" \/>\n<meta property=\"og:locale\" content=\"fr_FR\" \/>\n<meta property=\"og:type\" content=\"article\" \/>\n<meta property=\"og:title\" content=\"Les Troph\u00e9es &quot;Les propulseuses de l&#039;\u00e9conomie&quot; - Inauguration FCE Pays Salonais\" \/>\n<meta property=\"og:description\" content=\"Les troph\u00e9es des dirigeantes du Pays Salonais Les troph\u00e9es seront remis par nos partenaires aux quatre Laur\u00e9ates\" \/>\n<meta property=\"og:url\" content=\"https:\/\/fcesalon2026.fr\/index.php\/les-propulseuses-de-leconomie-30-avril-2026-salon-de-provence\/les-trophees-les-propulseuses-de-leconomie\/\" \/>\n<meta property=\"og:site_name\" content=\"Inauguration FCE Pays Salonais\" \/>\n<meta property=\"article:modified_time\" content=\"2025-12-29T15:53:52+00:00\" \/>\n<meta property=\"og:image\" content=\"https:\/\/fcesalon2026.fr\/wp-content\/uploads\/2025\/12\/Affiche-FCE-5-2-002-150x150.png\" \/>\n<meta name=\"twitter:card\" content=\"summary_large_image\" \/>\n<script type=\"application\/ld+json\" class=\"yoast-schema-graph\">{\"@context\":\"https:\/\/schema.org\",\"@graph\":[{\"@type\":\"WebPage\",\"@id\":\"https:\/\/fcesalon2026.fr\/index.php\/les-propulseuses-de-leconomie-30-avril-2026-salon-de-provence\/les-trophees-les-propulseuses-de-leconomie\/\",\"url\":\"https:\/\/fcesalon2026.fr\/index.php\/les-propulseuses-de-leconomie-30-avril-2026-salon-de-provence\/les-trophees-les-propulseuses-de-leconomie\/\",\"name\":\"Les Troph\u00e9es \\\"Les propulseuses de l'\u00e9conomie\\\" - Inauguration FCE Pays Salonais\",\"isPartOf\":{\"@id\":\"https:\/\/fcesalon2026.fr\/#website\"},\"primaryImageOfPage\":{\"@id\":\"https:\/\/fcesalon2026.fr\/index.php\/les-propulseuses-de-leconomie-30-avril-2026-salon-de-provence\/les-trophees-les-propulseuses-de-leconomie\/#primaryimage\"},\"image\":{\"@id\":\"https:\/\/fcesalon2026.fr\/index.php\/les-propulseuses-de-leconomie-30-avril-2026-salon-de-provence\/les-trophees-les-propulseuses-de-leconomie\/#primaryimage\"},\"thumbnailUrl\":\"https:\/\/fcesalon2026.fr\/wp-content\/uploads\/2025\/12\/Affiche-FCE-5-2-002-150x150.png\",\"datePublished\":\"2025-12-29T14:34:31+00:00\",\"dateModified\":\"2025-12-29T15:53:52+00:00\",\"breadcrumb\":{\"@id\":\"https:\/\/fcesalon2026.fr\/index.php\/les-propulseuses-de-leconomie-30-avril-2026-salon-de-provence\/les-trophees-les-propulseuses-de-leconomie\/#breadcrumb\"},\"inLanguage\":\"fr-FR\",\"potentialAction\":[{\"@type\":\"ReadAction\",\"target\":[\"https:\/\/fcesalon2026.fr\/index.php\/les-propulseuses-de-leconomie-30-avril-2026-salon-de-provence\/les-trophees-les-propulseuses-de-leconomie\/\"]}]},{\"@type\":\"ImageObject\",\"inLanguage\":\"fr-FR\",\"@id\":\"https:\/\/fcesalon2026.fr\/index.php\/les-propulseuses-de-leconomie-30-avril-2026-salon-de-provence\/les-trophees-les-propulseuses-de-leconomie\/#primaryimage\",\"url\":\"https:\/\/fcesalon2026.fr\/wp-content\/uploads\/2025\/12\/Affiche-FCE-5-2-002-scaled.png\",\"contentUrl\":\"https:\/\/fcesalon2026.fr\/wp-content\/uploads\/2025\/12\/Affiche-FCE-5-2-002-scaled.png\",\"width\":1923,\"height\":2560},{\"@type\":\"BreadcrumbList\",\"@id\":\"https:\/\/fcesalon2026.fr\/index.php\/les-propulseuses-de-leconomie-30-avril-2026-salon-de-provence\/les-trophees-les-propulseuses-de-leconomie\/#breadcrumb\",\"itemListElement\":[{\"@type\":\"ListItem\",\"position\":1,\"name\":\"Home\",\"item\":\"https:\/\/fcesalon2026.fr\/\"},{\"@type\":\"ListItem\",\"position\":2,\"name\":\"INAUGURATION DE LA DELEGATION DU PAYS SALONAIS- 30 avril 2026 Salon de Provence\",\"item\":\"https:\/\/fcesalon2026.fr\/\"},{\"@type\":\"ListItem\",\"position\":3,\"name\":\"Les Troph\u00e9es \u00ab\u00a0Les propulseuses de l&rsquo;\u00e9conomie\u00a0\u00bb\"}]},{\"@type\":\"WebSite\",\"@id\":\"https:\/\/fcesalon2026.fr\/#website\",\"url\":\"https:\/\/fcesalon2026.fr\/\",\"name\":\"Inauguration FCE Pays Salonais\",\"description\":\"\",\"publisher\":{\"@id\":\"https:\/\/fcesalon2026.fr\/#organization\"},\"potentialAction\":[{\"@type\":\"SearchAction\",\"target\":{\"@type\":\"EntryPoint\",\"urlTemplate\":\"https:\/\/fcesalon2026.fr\/?s={search_term_string}\"},\"query-input\":{\"@type\":\"PropertyValueSpecification\",\"valueRequired\":true,\"valueName\":\"search_term_string\"}}],\"inLanguage\":\"fr-FR\"},{\"@type\":\"Organization\",\"@id\":\"https:\/\/fcesalon2026.fr\/#organization\",\"name\":\"Inauguration FCE Pays Salonais\",\"url\":\"https:\/\/fcesalon2026.fr\/\",\"logo\":{\"@type\":\"ImageObject\",\"inLanguage\":\"fr-FR\",\"@id\":\"https:\/\/fcesalon2026.fr\/#\/schema\/logo\/image\/\",\"url\":\"https:\/\/fcesalon2026.fr\/wp-content\/uploads\/2025\/12\/logo-TP.jpg\",\"contentUrl\":\"https:\/\/fcesalon2026.fr\/wp-content\/uploads\/2025\/12\/logo-TP.jpg\",\"width\":150,\"height\":200,\"caption\":\"Inauguration FCE Pays Salonais\"},\"image\":{\"@id\":\"https:\/\/fcesalon2026.fr\/#\/schema\/logo\/image\/\"}}]}<\/script>\n<!-- \/ Yoast SEO plugin. -->","yoast_head_json":{"title":"Les Troph\u00e9es \"Les propulseuses de l'\u00e9conomie\" - Inauguration FCE Pays Salonais","robots":{"index":"index","follow":"follow","max-snippet":"max-snippet:-1","max-image-preview":"max-image-preview:large","max-video-preview":"max-video-preview:-1"},"canonical":"https:\/\/fcesalon2026.fr\/index.php\/les-propulseuses-de-leconomie-30-avril-2026-salon-de-provence\/les-trophees-les-propulseuses-de-leconomie\/","og_locale":"fr_FR","og_type":"article","og_title":"Les Troph\u00e9es \"Les propulseuses de l'\u00e9conomie\" - Inauguration FCE Pays Salonais","og_description":"Les troph\u00e9es des dirigeantes du Pays Salonais Les troph\u00e9es seront remis par nos partenaires aux quatre Laur\u00e9ates","og_url":"https:\/\/fcesalon2026.fr\/index.php\/les-propulseuses-de-leconomie-30-avril-2026-salon-de-provence\/les-trophees-les-propulseuses-de-leconomie\/","og_site_name":"Inauguration FCE Pays Salonais","article_modified_time":"2025-12-29T15:53:52+00:00","og_image":[{"url":"https:\/\/fcesalon2026.fr\/wp-content\/uploads\/2025\/12\/Affiche-FCE-5-2-002-150x150.png","type":"","width":"","height":""}],"twitter_card":"summary_large_image","schema":{"@context":"https:\/\/schema.org","@graph":[{"@type":"WebPage","@id":"https:\/\/fcesalon2026.fr\/index.php\/les-propulseuses-de-leconomie-30-avril-2026-salon-de-provence\/les-trophees-les-propulseuses-de-leconomie\/","url":"https:\/\/fcesalon2026.fr\/index.php\/les-propulseuses-de-leconomie-30-avril-2026-salon-de-provence\/les-trophees-les-propulseuses-de-leconomie\/","name":"Les Troph\u00e9es \"Les propulseuses de l'\u00e9conomie\" - Inauguration FCE Pays Salonais","isPartOf":{"@id":"https:\/\/fcesalon2026.fr\/#website"},"primaryImageOfPage":{"@id":"https:\/\/fcesalon2026.fr\/index.php\/les-propulseuses-de-leconomie-30-avril-2026-salon-de-provence\/les-trophees-les-propulseuses-de-leconomie\/#primaryimage"},"image":{"@id":"https:\/\/fcesalon2026.fr\/index.php\/les-propulseuses-de-leconomie-30-avril-2026-salon-de-provence\/les-trophees-les-propulseuses-de-leconomie\/#primaryimage"},"thumbnailUrl":"https:\/\/fcesalon2026.fr\/wp-content\/uploads\/2025\/12\/Affiche-FCE-5-2-002-150x150.png","datePublished":"2025-12-29T14:34:31+00:00","dateModified":"2025-12-29T15:53:52+00:00","breadcrumb":{"@id":"https:\/\/fcesalon2026.fr\/index.php\/les-propulseuses-de-leconomie-30-avril-2026-salon-de-provence\/les-trophees-les-propulseuses-de-leconomie\/#breadcrumb"},"inLanguage":"fr-FR","potentialAction":[{"@type":"ReadAction","target":["https:\/\/fcesalon2026.fr\/index.php\/les-propulseuses-de-leconomie-30-avril-2026-salon-de-provence\/les-trophees-les-propulseuses-de-leconomie\/"]}]},{"@type":"ImageObject","inLanguage":"fr-FR","@id":"https:\/\/fcesalon2026.fr\/index.php\/les-propulseuses-de-leconomie-30-avril-2026-salon-de-provence\/les-trophees-les-propulseuses-de-leconomie\/#primaryimage","url":"https:\/\/fcesalon2026.fr\/wp-content\/uploads\/2025\/12\/Affiche-FCE-5-2-002-scaled.png","contentUrl":"https:\/\/fcesalon2026.fr\/wp-content\/uploads\/2025\/12\/Affiche-FCE-5-2-002-scaled.png","width":1923,"height":2560},{"@type":"BreadcrumbList","@id":"https:\/\/fcesalon2026.fr\/index.php\/les-propulseuses-de-leconomie-30-avril-2026-salon-de-provence\/les-trophees-les-propulseuses-de-leconomie\/#breadcrumb","itemListElement":[{"@type":"ListItem","position":1,"name":"Home","item":"https:\/\/fcesalon2026.fr\/"},{"@type":"ListItem","position":2,"name":"INAUGURATION DE LA DELEGATION DU PAYS SALONAIS- 30 avril 2026 Salon de Provence","item":"https:\/\/fcesalon2026.fr\/"},{"@type":"ListItem","position":3,"name":"Les Troph\u00e9es \u00ab\u00a0Les propulseuses de l&rsquo;\u00e9conomie\u00a0\u00bb"}]},{"@type":"WebSite","@id":"https:\/\/fcesalon2026.fr\/#website","url":"https:\/\/fcesalon2026.fr\/","name":"Inauguration FCE Pays Salonais","description":"","publisher":{"@id":"https:\/\/fcesalon2026.fr\/#organization"},"potentialAction":[{"@type":"SearchAction","target":{"@type":"EntryPoint","urlTemplate":"https:\/\/fcesalon2026.fr\/?s={search_term_string}"},"query-input":{"@type":"PropertyValueSpecification","valueRequired":true,"valueName":"search_term_string"}}],"inLanguage":"fr-FR"},{"@type":"Organization","@id":"https:\/\/fcesalon2026.fr\/#organization","name":"Inauguration FCE Pays Salonais","url":"https:\/\/fcesalon2026.fr\/","logo":{"@type":"ImageObject","inLanguage":"fr-FR","@id":"https:\/\/fcesalon2026.fr\/#\/schema\/logo\/image\/","url":"https:\/\/fcesalon2026.fr\/wp-content\/uploads\/2025\/12\/logo-TP.jpg","contentUrl":"https:\/\/fcesalon2026.fr\/wp-content\/uploads\/2025\/12\/logo-TP.jpg","width":150,"height":200,"caption":"Inauguration FCE Pays Salonais"},"image":{"@id":"https:\/\/fcesalon2026.fr\/#\/schema\/logo\/image\/"}}]}},"_links":{"self":[{"href":"https:\/\/fcesalon2026.fr\/index.php\/wp-json\/wp\/v2\/pages\/101","targetHints":{"allow":["GET"]}}],"collection":[{"href":"https:\/\/fcesalon2026.fr\/index.php\/wp-json\/wp\/v2\/pages"}],"about":[{"href":"https:\/\/fcesalon2026.fr\/index.php\/wp-json\/wp\/v2\/types\/page"}],"author":[{"embeddable":true,"href":"https:\/\/fcesalon2026.fr\/index.php\/wp-json\/wp\/v2\/users\/1"}],"replies":[{"embeddable":true,"href":"https:\/\/fcesalon2026.fr\/index.php\/wp-json\/wp\/v2\/comments?post=101"}],"version-history":[{"count":7,"href":"https:\/\/fcesalon2026.fr\/index.php\/wp-json\/wp\/v2\/pages\/101\/revisions"}],"predecessor-version":[{"id":172,"href":"https:\/\/fcesalon2026.fr\/index.php\/wp-json\/wp\/v2\/pages\/101\/revisions\/172"}],"up":[{"embeddable":true,"href":"https:\/\/fcesalon2026.fr\/index.php\/wp-json\/wp\/v2\/pages\/10"}],"wp:attachment":[{"href":"https:\/\/fcesalon2026.fr\/index.php\/wp-json\/wp\/v2\/media?parent=101"}],"curies":[{"name":"wp","href":"https:\/\/api.w.org\/{rel}","templated":true}]}}