{"id":10,"date":"2025-12-22T19:02:39","date_gmt":"2025-12-22T19:02:39","guid":{"rendered":"http:\/\/fcesalon2026.fr\/?page_id=10"},"modified":"2026-03-04T17:30:35","modified_gmt":"2026-03-04T17:30:35","slug":"les-propulseuses-de-leconomie-30-avril-2026-salon-de-provence","status":"publish","type":"page","link":"https:\/\/fcesalon2026.fr\/","title":{"rendered":"INAUGURATION DE LA DELEGATION DU PAYS SALONAIS- 30 avril 2026 Salon de Provence"},"content":{"rendered":"\n<div class=\"wp-block-columns is-layout-flex wp-container-core-columns-is-layout-28f84493 wp-block-columns-is-layout-flex\">\n<div class=\"wp-block-column is-layout-flow wp-block-column-is-layout-flow\">\n<figure class=\"wp-block-image size-large\"><img loading=\"lazy\" decoding=\"async\" width=\"769\" height=\"1024\" src=\"https:\/\/fcesalon2026.fr\/wp-content\/uploads\/2026\/01\/affiche-inauguration-769x1024.jpeg\" alt=\"\" class=\"wp-image-194\" srcset=\"https:\/\/fcesalon2026.fr\/wp-content\/uploads\/2026\/01\/affiche-inauguration-769x1024.jpeg 769w, https:\/\/fcesalon2026.fr\/wp-content\/uploads\/2026\/01\/affiche-inauguration-225x300.jpeg 225w, https:\/\/fcesalon2026.fr\/wp-content\/uploads\/2026\/01\/affiche-inauguration-768x1023.jpeg 768w, https:\/\/fcesalon2026.fr\/wp-content\/uploads\/2026\/01\/affiche-inauguration-1154x1536.jpeg 1154w, https:\/\/fcesalon2026.fr\/wp-content\/uploads\/2026\/01\/affiche-inauguration.jpeg 1502w\" sizes=\"auto, (max-width: 769px) 100vw, 769px\" \/><\/figure>\n<\/div>\n<\/div>\n\n\n\n<p class=\"has-text-align-center\">Un \u00e9v\u00e9nement \u00e9conomique majeur r\u00e9unissant dirigeantes, partenaires, institutions et acteurs \u00e9conomiques du territoire, autour d\u2019une m\u00eame conviction : ensemble, nous acc\u00e9l\u00e9rons l\u2019\u00e9conomie, les trajectoires et le futur.<\/p>\n\n\n\n<div class=\"wp-block-buttons is-content-justification-center is-layout-flex wp-container-core-buttons-is-layout-a89b3969 wp-block-buttons-is-layout-flex\">\n<div class=\"wp-block-button\"><a class=\"wp-block-button__link has-text-align-center wp-element-button\" href=\"https:\/\/www.helloasso.com\/associations\/association-fce-inauguration-delegation-pays-salonais\/evenements\/inauguration-fce-du-pays-salonais\"><strong>Je m\u2019inscris <\/strong>au colloque<\/a><\/div>\n\n\n\n<div class=\"wp-block-button\"><a class=\"wp-block-button__link wp-element-button\" href=\"https:\/\/www.helloasso.com\/associations\/association-fce-inauguration-delegation-pays-salonais\/evenements\/inauguration-fce-pays-salonais-gala?_gl=1%2a1gr7sa7%2a_gcl_au%2aMjA2NjgzMDEyOC4xNzY4MzAzNTY4LjE1NDQxMDg2NDUuMTc3MTUwNzU3NS4xNzcxNTA3NTc0\">Je m&rsquo;inscris au gala<\/a><\/div>\n<\/div>\n\n\n\n<div class=\"wp-block-group alignfull has-global-padding is-layout-constrained wp-block-group-is-layout-constrained\" style=\"margin-top:0;margin-bottom:0\">\n<div class=\"wp-block-group alignwide is-layout-grid wp-container-core-group-is-layout-5fdb10e5 wp-block-group-is-layout-grid\" style=\"padding-top:var(--wp--preset--spacing--50);padding-bottom:var(--wp--preset--spacing--50)\">\n<div class=\"wp-block-group is-vertical is-content-justification-stretch is-nowrap is-layout-flex wp-container-core-group-is-layout-627337ab wp-block-group-is-layout-flex\">\n<div class=\"wp-block-group is-vertical is-content-justification-left is-layout-flex wp-container-core-group-is-layout-dd225191 wp-block-group-is-layout-flex\">\n<h6 class=\"wp-block-heading is-style-text-annotation is-style-text-annotation--1\">\u00c0 Propos de nous<\/h6>\n\n\n\n<blockquote class=\"wp-block-quote is-style-plain is-layout-flow wp-block-quote-is-layout-flow is-style-plain--2\">\n<p class=\"has-text-align-center is-style-text-subtitle is-style-text-subtitle--3\"><em>La d\u00e9l\u00e9gation des Femmes Chefs d&rsquo;Entreprise du Pays Salonais appartient \u00e0 l&rsquo;association des Femmes Chefs d&rsquo;Entreprise<\/em> ( FCE) cr\u00e9\u00e9e en 1945 par madame Foinant et d\u00e9ploy\u00e9e sur les 5 continents.<\/p>\n\n\n\n<p class=\"has-text-align-center\">L&rsquo;objectif de cette association est d&rsquo;engager les femmes chefs d&rsquo;entreprise \u00e0 s&rsquo;engager dans les institutions qui organisent l&rsquo;\u00e9conomie : Chambres consulaires, tribunaux de commerce, Conseils des Prud&rsquo;hommes, conseils d&rsquo;administration d&rsquo;entreprises et d&rsquo;associations \u00e9conomiques, m\u00e9decine du travil, Urssaf, Carsat,&#8230;.etc.<\/p>\n<\/blockquote>\n<\/div>\n\n\n\n<figure class=\"wp-block-image size-large\"><img loading=\"lazy\" decoding=\"async\" width=\"1024\" height=\"576\" src=\"https:\/\/fcesalon2026.fr\/wp-content\/uploads\/2025\/12\/506058039_1094215219399358_3868073960629944588_n-1024x576.jpg\" alt=\"\" class=\"wp-image-21\" srcset=\"https:\/\/fcesalon2026.fr\/wp-content\/uploads\/2025\/12\/506058039_1094215219399358_3868073960629944588_n-1024x576.jpg 1024w, https:\/\/fcesalon2026.fr\/wp-content\/uploads\/2025\/12\/506058039_1094215219399358_3868073960629944588_n-300x169.jpg 300w, https:\/\/fcesalon2026.fr\/wp-content\/uploads\/2025\/12\/506058039_1094215219399358_3868073960629944588_n-768x432.jpg 768w, https:\/\/fcesalon2026.fr\/wp-content\/uploads\/2025\/12\/506058039_1094215219399358_3868073960629944588_n-1536x864.jpg 1536w, https:\/\/fcesalon2026.fr\/wp-content\/uploads\/2025\/12\/506058039_1094215219399358_3868073960629944588_n.jpg 1920w\" sizes=\"auto, (max-width: 1024px) 100vw, 1024px\" \/><\/figure>\n\n\n\n<blockquote class=\"wp-block-quote is-layout-flow wp-block-quote-is-layout-flow\">\n<p>Seules nous sommes invisibles, Ensembles nous sommes invincibles<\/p>\n<\/blockquote>\n<\/div>\n\n\n\n<figure class=\"wp-block-image size-large\"><img loading=\"lazy\" decoding=\"async\" width=\"683\" height=\"1024\" src=\"https:\/\/fcesalon2026.fr\/wp-content\/uploads\/2026\/02\/WhatsApp-Image-2026-02-03-at-14.55.51-683x1024.jpeg\" alt=\"\" class=\"wp-image-265\" srcset=\"https:\/\/fcesalon2026.fr\/wp-content\/uploads\/2026\/02\/WhatsApp-Image-2026-02-03-at-14.55.51-683x1024.jpeg 683w, https:\/\/fcesalon2026.fr\/wp-content\/uploads\/2026\/02\/WhatsApp-Image-2026-02-03-at-14.55.51-200x300.jpeg 200w, https:\/\/fcesalon2026.fr\/wp-content\/uploads\/2026\/02\/WhatsApp-Image-2026-02-03-at-14.55.51-768x1152.jpeg 768w, https:\/\/fcesalon2026.fr\/wp-content\/uploads\/2026\/02\/WhatsApp-Image-2026-02-03-at-14.55.51.jpeg 1024w\" sizes=\"auto, (max-width: 683px) 100vw, 683px\" \/><\/figure>\n<\/div>\n\n\n\n<div class=\"wp-block-group alignwide is-layout-flow wp-block-group-is-layout-flow\">\n<p class=\"has-text-align-center\">Suivez-nous sur les r\u00e9seaux<\/p>\n\n\n\n<ul class=\"wp-block-social-links has-icon-color is-style-logos-only is-content-justification-center is-layout-flex wp-container-core-social-links-is-layout-a89b3969 wp-block-social-links-is-layout-flex\"><li class=\"wp-social-link wp-social-link-facebook has-contrast-color wp-block-social-link\"><a href=\"\" class=\"wp-block-social-link-anchor\"><svg width=\"24\" height=\"24\" viewBox=\"0 0 24 24\" version=\"1.1\" xmlns=\"http:\/\/www.w3.org\/2000\/svg\" aria-hidden=\"true\" focusable=\"false\"><path d=\"M12 2C6.5 2 2 6.5 2 12c0 5 3.7 9.1 8.4 9.9v-7H7.9V12h2.5V9.8c0-2.5 1.5-3.9 3.8-3.9 1.1 0 2.2.2 2.2.2v2.5h-1.3c-1.2 0-1.6.8-1.6 1.6V12h2.8l-.4 2.9h-2.3v7C18.3 21.1 22 17 22 12c0-5.5-4.5-10-10-10z\"><\/path><\/svg><span class=\"wp-block-social-link-label screen-reader-text\">Facebook<\/span><\/a><\/li>\n\n<li class=\"wp-social-link wp-social-link-instagram has-contrast-color wp-block-social-link\"><a href=\"\" class=\"wp-block-social-link-anchor\"><svg width=\"24\" height=\"24\" viewBox=\"0 0 24 24\" version=\"1.1\" xmlns=\"http:\/\/www.w3.org\/2000\/svg\" aria-hidden=\"true\" focusable=\"false\"><path d=\"M12,4.622c2.403,0,2.688,0.009,3.637,0.052c0.877,0.04,1.354,0.187,1.671,0.31c0.42,0.163,0.72,0.358,1.035,0.673 c0.315,0.315,0.51,0.615,0.673,1.035c0.123,0.317,0.27,0.794,0.31,1.671c0.043,0.949,0.052,1.234,0.052,3.637 s-0.009,2.688-0.052,3.637c-0.04,0.877-0.187,1.354-0.31,1.671c-0.163,0.42-0.358,0.72-0.673,1.035 c-0.315,0.315-0.615,0.51-1.035,0.673c-0.317,0.123-0.794,0.27-1.671,0.31c-0.949,0.043-1.233,0.052-3.637,0.052 s-2.688-0.009-3.637-0.052c-0.877-0.04-1.354-0.187-1.671-0.31c-0.42-0.163-0.72-0.358-1.035-0.673 c-0.315-0.315-0.51-0.615-0.673-1.035c-0.123-0.317-0.27-0.794-0.31-1.671C4.631,14.688,4.622,14.403,4.622,12 s0.009-2.688,0.052-3.637c0.04-0.877,0.187-1.354,0.31-1.671c0.163-0.42,0.358-0.72,0.673-1.035 c0.315-0.315,0.615-0.51,1.035-0.673c0.317-0.123,0.794-0.27,1.671-0.31C9.312,4.631,9.597,4.622,12,4.622 M12,3 C9.556,3,9.249,3.01,8.289,3.054C7.331,3.098,6.677,3.25,6.105,3.472C5.513,3.702,5.011,4.01,4.511,4.511 c-0.5,0.5-0.808,1.002-1.038,1.594C3.25,6.677,3.098,7.331,3.054,8.289C3.01,9.249,3,9.556,3,12c0,2.444,0.01,2.751,0.054,3.711 c0.044,0.958,0.196,1.612,0.418,2.185c0.23,0.592,0.538,1.094,1.038,1.594c0.5,0.5,1.002,0.808,1.594,1.038 c0.572,0.222,1.227,0.375,2.185,0.418C9.249,20.99,9.556,21,12,21s2.751-0.01,3.711-0.054c0.958-0.044,1.612-0.196,2.185-0.418 c0.592-0.23,1.094-0.538,1.594-1.038c0.5-0.5,0.808-1.002,1.038-1.594c0.222-0.572,0.375-1.227,0.418-2.185 C20.99,14.751,21,14.444,21,12s-0.01-2.751-0.054-3.711c-0.044-0.958-0.196-1.612-0.418-2.185c-0.23-0.592-0.538-1.094-1.038-1.594 c-0.5-0.5-1.002-0.808-1.594-1.038c-0.572-0.222-1.227-0.375-2.185-0.418C14.751,3.01,14.444,3,12,3L12,3z M12,7.378 c-2.552,0-4.622,2.069-4.622,4.622S9.448,16.622,12,16.622s4.622-2.069,4.622-4.622S14.552,7.378,12,7.378z M12,15 c-1.657,0-3-1.343-3-3s1.343-3,3-3s3,1.343,3,3S13.657,15,12,15z M16.804,6.116c-0.596,0-1.08,0.484-1.08,1.08 s0.484,1.08,1.08,1.08c0.596,0,1.08-0.484,1.08-1.08S17.401,6.116,16.804,6.116z\"><\/path><\/svg><span class=\"wp-block-social-link-label screen-reader-text\">Instagram<\/span><\/a><\/li>\n\n<li class=\"wp-social-link wp-social-link-linkedin has-contrast-color wp-block-social-link\"><a href=\"https:\/\/www.linkedin.com\/in\/fce-pays-salonais-seloun-de-prouv%C3%A8n%C3%A7o-71a972341\/\" class=\"wp-block-social-link-anchor\"><svg width=\"24\" height=\"24\" viewBox=\"0 0 24 24\" version=\"1.1\" xmlns=\"http:\/\/www.w3.org\/2000\/svg\" aria-hidden=\"true\" focusable=\"false\"><path d=\"M19.7,3H4.3C3.582,3,3,3.582,3,4.3v15.4C3,20.418,3.582,21,4.3,21h15.4c0.718,0,1.3-0.582,1.3-1.3V4.3 C21,3.582,20.418,3,19.7,3z M8.339,18.338H5.667v-8.59h2.672V18.338z M7.004,8.574c-0.857,0-1.549-0.694-1.549-1.548 c0-0.855,0.691-1.548,1.549-1.548c0.854,0,1.547,0.694,1.547,1.548C8.551,7.881,7.858,8.574,7.004,8.574z M18.339,18.338h-2.669 v-4.177c0-0.996-0.017-2.278-1.387-2.278c-1.389,0-1.601,1.086-1.601,2.206v4.249h-2.667v-8.59h2.559v1.174h0.037 c0.356-0.675,1.227-1.387,2.526-1.387c2.703,0,3.203,1.779,3.203,4.092V18.338z\"><\/path><\/svg><span class=\"wp-block-social-link-label screen-reader-text\">LinkedIn<\/span><\/a><\/li><\/ul>\n<\/div>\n<\/div>\n\n\n\n<h1 class=\"wp-block-heading has-text-align-center\">Les Propulseuses de l&rsquo;\u00c9conomie &#8211; 30 avril 2026<\/h1>\n","protected":false},"excerpt":{"rendered":"<p>Un \u00e9v\u00e9nement \u00e9conomique majeur r\u00e9unissant dirigeantes, partenaires, institutions et acteurs \u00e9conomiques du territoire, autour d\u2019une m\u00eame conviction : ensemble, nous acc\u00e9l\u00e9rons l\u2019\u00e9conomie, les trajectoires et le futur. \u00c0 Propos de nous La d\u00e9l\u00e9gation des Femmes Chefs d&rsquo;Entreprise du Pays Salonais appartient \u00e0 l&rsquo;association des Femmes Chefs d&rsquo;Entreprise ( FCE) cr\u00e9\u00e9e en 1945 par madame Foinant [&hellip;]<\/p>\n","protected":false},"author":1,"featured_media":237,"parent":0,"menu_order":0,"comment_status":"closed","ping_status":"closed","template":"","meta":{"footnotes":""},"class_list":["post-10","page","type-page","status-publish","has-post-thumbnail","hentry"],"yoast_head":"<!-- This site is optimized with the Yoast SEO plugin v27.0 - https:\/\/yoast.com\/product\/yoast-seo-wordpress\/ -->\n<title>INAUGURATION DE LA DELEGATION DU PAYS SALONAIS- 30 avril 2026 Salon de Provence - Inauguration FCE Pays Salonais<\/title>\n<meta name=\"robots\" content=\"index, follow, max-snippet:-1, max-image-preview:large, max-video-preview:-1\" \/>\n<link rel=\"canonical\" href=\"https:\/\/fcesalon2026.fr\/\" \/>\n<meta property=\"og:locale\" content=\"fr_FR\" \/>\n<meta property=\"og:type\" content=\"article\" \/>\n<meta property=\"og:title\" content=\"INAUGURATION DE LA DELEGATION DU PAYS SALONAIS- 30 avril 2026 Salon de Provence - Inauguration FCE Pays Salonais\" \/>\n<meta property=\"og:description\" content=\"Un \u00e9v\u00e9nement \u00e9conomique majeur r\u00e9unissant dirigeantes, partenaires, institutions et acteurs \u00e9conomiques du territoire, autour d\u2019une m\u00eame conviction : ensemble, nous acc\u00e9l\u00e9rons l\u2019\u00e9conomie, les trajectoires et le futur. \u00c0 Propos de nous La d\u00e9l\u00e9gation des Femmes Chefs d&rsquo;Entreprise du Pays Salonais appartient \u00e0 l&rsquo;association des Femmes Chefs d&rsquo;Entreprise ( FCE) cr\u00e9\u00e9e en 1945 par madame Foinant [&hellip;]\" \/>\n<meta property=\"og:url\" content=\"https:\/\/fcesalon2026.fr\/\" \/>\n<meta property=\"og:site_name\" content=\"Inauguration FCE Pays Salonais\" \/>\n<meta property=\"article:modified_time\" content=\"2026-03-04T17:30:35+00:00\" \/>\n<meta property=\"og:image\" content=\"https:\/\/fcesalon2026.fr\/wp-content\/uploads\/2025\/12\/logo-TP.jpg\" \/>\n\t<meta property=\"og:image:width\" content=\"150\" \/>\n\t<meta property=\"og:image:height\" content=\"200\" \/>\n\t<meta property=\"og:image:type\" content=\"image\/jpeg\" \/>\n<meta name=\"twitter:card\" content=\"summary_large_image\" \/>\n<meta name=\"twitter:label1\" content=\"Dur\u00e9e de lecture estim\u00e9e\" \/>\n\t<meta name=\"twitter:data1\" content=\"2 minutes\" \/>\n<script type=\"application\/ld+json\" class=\"yoast-schema-graph\">{\"@context\":\"https:\/\/schema.org\",\"@graph\":[{\"@type\":\"WebPage\",\"@id\":\"https:\/\/fcesalon2026.fr\/\",\"url\":\"https:\/\/fcesalon2026.fr\/\",\"name\":\"INAUGURATION DE LA DELEGATION DU PAYS SALONAIS- 30 avril 2026 Salon de Provence - Inauguration FCE Pays Salonais\",\"isPartOf\":{\"@id\":\"https:\/\/fcesalon2026.fr\/#website\"},\"primaryImageOfPage\":{\"@id\":\"https:\/\/fcesalon2026.fr\/#primaryimage\"},\"image\":{\"@id\":\"https:\/\/fcesalon2026.fr\/#primaryimage\"},\"thumbnailUrl\":\"https:\/\/fcesalon2026.fr\/wp-content\/uploads\/2025\/12\/logo-TP.jpg\",\"datePublished\":\"2025-12-22T19:02:39+00:00\",\"dateModified\":\"2026-03-04T17:30:35+00:00\",\"breadcrumb\":{\"@id\":\"https:\/\/fcesalon2026.fr\/#breadcrumb\"},\"inLanguage\":\"fr-FR\",\"potentialAction\":[{\"@type\":\"ReadAction\",\"target\":[\"https:\/\/fcesalon2026.fr\/\"]}]},{\"@type\":\"ImageObject\",\"inLanguage\":\"fr-FR\",\"@id\":\"https:\/\/fcesalon2026.fr\/#primaryimage\",\"url\":\"https:\/\/fcesalon2026.fr\/wp-content\/uploads\/2025\/12\/logo-TP.jpg\",\"contentUrl\":\"https:\/\/fcesalon2026.fr\/wp-content\/uploads\/2025\/12\/logo-TP.jpg\",\"width\":150,\"height\":200},{\"@type\":\"BreadcrumbList\",\"@id\":\"https:\/\/fcesalon2026.fr\/#breadcrumb\",\"itemListElement\":[{\"@type\":\"ListItem\",\"position\":1,\"name\":\"Home\",\"item\":\"https:\/\/fcesalon2026.fr\/\"},{\"@type\":\"ListItem\",\"position\":2,\"name\":\"INAUGURATION DE LA DELEGATION DU PAYS SALONAIS- 30 avril 2026 Salon de Provence\"}]},{\"@type\":\"WebSite\",\"@id\":\"https:\/\/fcesalon2026.fr\/#website\",\"url\":\"https:\/\/fcesalon2026.fr\/\",\"name\":\"Inauguration FCE Pays Salonais\",\"description\":\"\",\"publisher\":{\"@id\":\"https:\/\/fcesalon2026.fr\/#organization\"},\"potentialAction\":[{\"@type\":\"SearchAction\",\"target\":{\"@type\":\"EntryPoint\",\"urlTemplate\":\"https:\/\/fcesalon2026.fr\/?s={search_term_string}\"},\"query-input\":{\"@type\":\"PropertyValueSpecification\",\"valueRequired\":true,\"valueName\":\"search_term_string\"}}],\"inLanguage\":\"fr-FR\"},{\"@type\":\"Organization\",\"@id\":\"https:\/\/fcesalon2026.fr\/#organization\",\"name\":\"Inauguration FCE Pays Salonais\",\"url\":\"https:\/\/fcesalon2026.fr\/\",\"logo\":{\"@type\":\"ImageObject\",\"inLanguage\":\"fr-FR\",\"@id\":\"https:\/\/fcesalon2026.fr\/#\/schema\/logo\/image\/\",\"url\":\"https:\/\/fcesalon2026.fr\/wp-content\/uploads\/2025\/12\/logo-TP.jpg\",\"contentUrl\":\"https:\/\/fcesalon2026.fr\/wp-content\/uploads\/2025\/12\/logo-TP.jpg\",\"width\":150,\"height\":200,\"caption\":\"Inauguration FCE Pays Salonais\"},\"image\":{\"@id\":\"https:\/\/fcesalon2026.fr\/#\/schema\/logo\/image\/\"}}]}<\/script>\n<!-- \/ Yoast SEO plugin. -->","yoast_head_json":{"title":"INAUGURATION DE LA DELEGATION DU PAYS SALONAIS- 30 avril 2026 Salon de Provence - Inauguration FCE Pays Salonais","robots":{"index":"index","follow":"follow","max-snippet":"max-snippet:-1","max-image-preview":"max-image-preview:large","max-video-preview":"max-video-preview:-1"},"canonical":"https:\/\/fcesalon2026.fr\/","og_locale":"fr_FR","og_type":"article","og_title":"INAUGURATION DE LA DELEGATION DU PAYS SALONAIS- 30 avril 2026 Salon de Provence - Inauguration FCE Pays Salonais","og_description":"Un \u00e9v\u00e9nement \u00e9conomique majeur r\u00e9unissant dirigeantes, partenaires, institutions et acteurs \u00e9conomiques du territoire, autour d\u2019une m\u00eame conviction : ensemble, nous acc\u00e9l\u00e9rons l\u2019\u00e9conomie, les trajectoires et le futur. \u00c0 Propos de nous La d\u00e9l\u00e9gation des Femmes Chefs d&rsquo;Entreprise du Pays Salonais appartient \u00e0 l&rsquo;association des Femmes Chefs d&rsquo;Entreprise ( FCE) cr\u00e9\u00e9e en 1945 par madame Foinant [&hellip;]","og_url":"https:\/\/fcesalon2026.fr\/","og_site_name":"Inauguration FCE Pays Salonais","article_modified_time":"2026-03-04T17:30:35+00:00","og_image":[{"width":150,"height":200,"url":"https:\/\/fcesalon2026.fr\/wp-content\/uploads\/2025\/12\/logo-TP.jpg","type":"image\/jpeg"}],"twitter_card":"summary_large_image","twitter_misc":{"Dur\u00e9e de lecture estim\u00e9e":"2 minutes"},"schema":{"@context":"https:\/\/schema.org","@graph":[{"@type":"WebPage","@id":"https:\/\/fcesalon2026.fr\/","url":"https:\/\/fcesalon2026.fr\/","name":"INAUGURATION DE LA DELEGATION DU PAYS SALONAIS- 30 avril 2026 Salon de Provence - Inauguration FCE Pays Salonais","isPartOf":{"@id":"https:\/\/fcesalon2026.fr\/#website"},"primaryImageOfPage":{"@id":"https:\/\/fcesalon2026.fr\/#primaryimage"},"image":{"@id":"https:\/\/fcesalon2026.fr\/#primaryimage"},"thumbnailUrl":"https:\/\/fcesalon2026.fr\/wp-content\/uploads\/2025\/12\/logo-TP.jpg","datePublished":"2025-12-22T19:02:39+00:00","dateModified":"2026-03-04T17:30:35+00:00","breadcrumb":{"@id":"https:\/\/fcesalon2026.fr\/#breadcrumb"},"inLanguage":"fr-FR","potentialAction":[{"@type":"ReadAction","target":["https:\/\/fcesalon2026.fr\/"]}]},{"@type":"ImageObject","inLanguage":"fr-FR","@id":"https:\/\/fcesalon2026.fr\/#primaryimage","url":"https:\/\/fcesalon2026.fr\/wp-content\/uploads\/2025\/12\/logo-TP.jpg","contentUrl":"https:\/\/fcesalon2026.fr\/wp-content\/uploads\/2025\/12\/logo-TP.jpg","width":150,"height":200},{"@type":"BreadcrumbList","@id":"https:\/\/fcesalon2026.fr\/#breadcrumb","itemListElement":[{"@type":"ListItem","position":1,"name":"Home","item":"https:\/\/fcesalon2026.fr\/"},{"@type":"ListItem","position":2,"name":"INAUGURATION DE LA DELEGATION DU PAYS SALONAIS- 30 avril 2026 Salon de Provence"}]},{"@type":"WebSite","@id":"https:\/\/fcesalon2026.fr\/#website","url":"https:\/\/fcesalon2026.fr\/","name":"Inauguration FCE Pays Salonais","description":"","publisher":{"@id":"https:\/\/fcesalon2026.fr\/#organization"},"potentialAction":[{"@type":"SearchAction","target":{"@type":"EntryPoint","urlTemplate":"https:\/\/fcesalon2026.fr\/?s={search_term_string}"},"query-input":{"@type":"PropertyValueSpecification","valueRequired":true,"valueName":"search_term_string"}}],"inLanguage":"fr-FR"},{"@type":"Organization","@id":"https:\/\/fcesalon2026.fr\/#organization","name":"Inauguration FCE Pays Salonais","url":"https:\/\/fcesalon2026.fr\/","logo":{"@type":"ImageObject","inLanguage":"fr-FR","@id":"https:\/\/fcesalon2026.fr\/#\/schema\/logo\/image\/","url":"https:\/\/fcesalon2026.fr\/wp-content\/uploads\/2025\/12\/logo-TP.jpg","contentUrl":"https:\/\/fcesalon2026.fr\/wp-content\/uploads\/2025\/12\/logo-TP.jpg","width":150,"height":200,"caption":"Inauguration FCE Pays Salonais"},"image":{"@id":"https:\/\/fcesalon2026.fr\/#\/schema\/logo\/image\/"}}]}},"_links":{"self":[{"href":"https:\/\/fcesalon2026.fr\/index.php\/wp-json\/wp\/v2\/pages\/10","targetHints":{"allow":["GET"]}}],"collection":[{"href":"https:\/\/fcesalon2026.fr\/index.php\/wp-json\/wp\/v2\/pages"}],"about":[{"href":"https:\/\/fcesalon2026.fr\/index.php\/wp-json\/wp\/v2\/types\/page"}],"author":[{"embeddable":true,"href":"https:\/\/fcesalon2026.fr\/index.php\/wp-json\/wp\/v2\/users\/1"}],"replies":[{"embeddable":true,"href":"https:\/\/fcesalon2026.fr\/index.php\/wp-json\/wp\/v2\/comments?post=10"}],"version-history":[{"count":21,"href":"https:\/\/fcesalon2026.fr\/index.php\/wp-json\/wp\/v2\/pages\/10\/revisions"}],"predecessor-version":[{"id":327,"href":"https:\/\/fcesalon2026.fr\/index.php\/wp-json\/wp\/v2\/pages\/10\/revisions\/327"}],"wp:featuredmedia":[{"embeddable":true,"href":"https:\/\/fcesalon2026.fr\/index.php\/wp-json\/wp\/v2\/media\/237"}],"wp:attachment":[{"href":"https:\/\/fcesalon2026.fr\/index.php\/wp-json\/wp\/v2\/media?parent=10"}],"curies":[{"name":"wp","href":"https:\/\/api.w.org\/{rel}","templated":true}]}}